{"id":910,"date":"2022-02-02T10:24:52","date_gmt":"2022-02-02T10:24:52","guid":{"rendered":"https:\/\/rqloans.com\/projects\/"},"modified":"2024-12-03T18:03:45","modified_gmt":"2024-12-03T18:03:45","slug":"consultoria","status":"publish","type":"page","link":"https:\/\/rqloans.com\/en\/consultoria","title":{"rendered":"Consulting"},"content":{"rendered":"<div class=\"wp-block-uagb-container uagb-block-98ffb300 alignfull uagb-is-root-container\"><div class=\"uagb-container-inner-blocks-wrap\"><\/div><\/div>\n\n\n\n<div class=\"wp-block-uagb-container uagb-block-59356953 alignfull uagb-is-root-container\"><div class=\"uagb-container-inner-blocks-wrap\">\n<div data-aos= \"fade-up\" data-aos-duration=\"400\" data-aos-delay=\"0\" data-aos-easing=\"ease\" data-aos-once=\"true\" class=\"wp-block-uagb-advanced-heading uagb-block-96fdc6c5\"><h1 class=\"uagb-heading-text\"><strong>Consulting<\/strong><\/h1><\/div>\n\n\n\n<div data-aos= \"zoom-out\" data-aos-duration=\"400\" data-aos-delay=\"0\" data-aos-easing=\"ease\" data-aos-once=\"true\" class=\"wp-block-uagb-container uagb-block-af87b85e alignfull uagb-is-root-container\"><div class=\"uagb-container-inner-blocks-wrap\">\n<div class=\"wp-block-uagb-container uagb-block-322f539f\">\n<div class=\"wp-block-uagb-advanced-heading uagb-block-69537b01\"><h5 class=\"uagb-heading-text\">The consulting services that we have developed for\nover 20 years are the preferred option for several fundamental reasons<\/h5><\/div>\n\n\n\n<div class=\"wp-block-uagb-advanced-heading uagb-block-8d2faf5d\"><h5 class=\"uagb-heading-text\">As an experienced consultor in the fields of finance, banking, and real estate in the\nUnited States, we have perfected the tools to offer personalized and effective solutions for our\nclients.<\/h5><\/div>\n<\/div>\n<\/div><\/div>\n<\/div><\/div>\n\n\n\n<div class=\"wp-block-uagb-container uagb-block-46c0efa7 alignfull uagb-is-root-container\"><div class=\"uagb-container-inner-blocks-wrap\">\n<div data-aos= \"zoom-out-down\" data-aos-duration=\"400\" data-aos-delay=\"0\" data-aos-easing=\"ease\" data-aos-once=\"true\" class=\"wp-block-uagb-container uagb-block-c4201c19 alignfull uagb-is-root-container\"><div class=\"uagb-container-inner-blocks-wrap\">\n<div class=\"wp-block-uagb-container uagb-block-42ef9a02\">\n<div class=\"wp-block-uagb-image aligncenter uagb-block-c989a3db wp-block-uagb-image--layout-default wp-block-uagb-image--effect-static wp-block-uagb-image--align-center\"><figure class=\"wp-block-uagb-image__figure\"><img decoding=\"async\" srcset=\"https:\/\/rqloans.com\/wp-content\/uploads\/2024\/10\/Sin-titulo-3-1.png ,https:\/\/rqloans.com\/wp-content\/uploads\/2024\/10\/Sin-titulo-3-1.png 780w, https:\/\/rqloans.com\/wp-content\/uploads\/2024\/10\/Sin-titulo-3-1.png 360w\" sizes=\"auto, (max-width: 480px) 150px\" src=\"https:\/\/rqloans.com\/wp-content\/uploads\/2024\/10\/Sin-titulo-3-1.png\" alt=\"\" class=\"uag-image-2261\" width=\"980\" height=\"1024\" title=\"\" loading=\"lazy\" role=\"img\"\/><\/figure><\/div>\n<\/div>\n\n\n\n<div class=\"wp-block-uagb-container uagb-block-a7746da0\">\n<div class=\"wp-block-uagb-advanced-heading uagb-block-697cbd1b\"><h2 class=\"uagb-heading-text\"><strong>What does the\nConsulting Service entail?<\/strong><\/h2><\/div>\n\n\n\n<div class=\"wp-block-uagb-advanced-heading uagb-block-2cca2456\"><h5 class=\"uagb-heading-text\">It focuses on providing expert and\nstrategic advice to individuals and businesses seeking financial solutions and guidance in the\nrealm of mortgages<\/h5><\/div>\n\n\n\n<div class=\"wp-block-uagb-advanced-heading uagb-block-bca854c4\"><h5 class=\"uagb-heading-text\">Fernando\u2019s\nexperience of more than 20 years has earned him a deep understanding of the complexities of\nthe financial system and the opportunities that exist in the real estate market.<\/h5><\/div>\n\n\n\n<div class=\"wp-block-uagb-advanced-heading uagb-block-608fb70f\"><h5 class=\"uagb-heading-text\">The consulting services encompass\nareas from financial planning to investment management and advice on real estate transactions.<\/h5><\/div>\n<\/div>\n<\/div><\/div>\n<\/div><\/div>\n\n\n\n<div class=\"wp-block-uagb-container uagb-block-1be2670d alignfull uagb-is-root-container\"><div class=\"uagb-container-inner-blocks-wrap\">\n<div class=\"wp-block-uagb-advanced-heading uagb-block-08cc28c4\"><h1 class=\"uagb-heading-text\">\u00bf<strong style=\"font-weight: bold;\">Why am I the best\noption?<\/strong><\/h1><\/div>\n\n\n\n<div data-aos= \"zoom-out\" data-aos-duration=\"400\" data-aos-delay=\"0\" data-aos-easing=\"ease\" data-aos-once=\"true\" class=\"wp-block-uagb-container uagb-block-10e287d4 alignfull uagb-is-root-container\"><div class=\"uagb-container-inner-blocks-wrap\">\n<div class=\"wp-block-uagb-container uagb-block-52f4e8d5\">\n<div class=\"wp-block-uagb-advanced-heading uagb-block-436d474b\"><h3 class=\"uagb-heading-text\"><strong>Broad experience<\/strong><\/h3><\/div>\n\n\n\n<div class=\"wp-block-uagb-advanced-heading uagb-block-c9e244b8\"><h5 class=\"uagb-heading-text\">With over two decades in the industry,\nFernando Quezada\u2019s experience is without equal.<\/h5><\/div>\n\n\n\n<div class=\"wp-block-uagb-advanced-heading uagb-block-157be6cf\"><h5 class=\"uagb-heading-text\">He has lived through and overcome the challenges of a constantly changing market, thereby acquiring an unique perspective and\na deep knowledge.<\/h5><\/div>\n<\/div>\n\n\n\n<div class=\"wp-block-uagb-container uagb-block-45f58d2e\">\n<div class=\"wp-block-uagb-image aligncenter uagb-block-9557f454 wp-block-uagb-image--layout-default wp-block-uagb-image--effect-static wp-block-uagb-image--align-center\"><figure class=\"wp-block-uagb-image__figure\"><img decoding=\"async\" srcset=\"https:\/\/rqloans.com\/wp-content\/uploads\/2024\/10\/Sin-titulo-1-1.jpg ,https:\/\/rqloans.com\/wp-content\/uploads\/2024\/10\/Sin-titulo-1-1.jpg 780w, https:\/\/rqloans.com\/wp-content\/uploads\/2024\/10\/Sin-titulo-1-1.jpg 360w\" sizes=\"auto, (max-width: 480px) 150px\" src=\"https:\/\/rqloans.com\/wp-content\/uploads\/2024\/10\/Sin-titulo-1-1.jpg\" alt=\"\" class=\"uag-image-2265\" width=\"1000\" height=\"1000\" title=\"\" loading=\"lazy\" role=\"img\"\/><\/figure><\/div>\n<\/div>\n<\/div><\/div>\n\n\n\n<div data-aos= \"zoom-in\" data-aos-duration=\"400\" data-aos-delay=\"0\" data-aos-easing=\"ease\" data-aos-once=\"true\" class=\"wp-block-uagb-container uagb-block-ecca3a50 alignfull uagb-is-root-container\"><div class=\"uagb-container-inner-blocks-wrap\">\n<div class=\"wp-block-uagb-container uagb-block-977e544c\">\n<div class=\"wp-block-uagb-image aligncenter uagb-block-9570db8b wp-block-uagb-image--layout-default wp-block-uagb-image--effect-static wp-block-uagb-image--align-center\"><figure class=\"wp-block-uagb-image__figure\"><img decoding=\"async\" srcset=\"https:\/\/rqloans.com\/wp-content\/uploads\/2023\/12\/imagen-consulto-enfoque-pesonalizado-scaled.jpg ,https:\/\/rqloans.com\/wp-content\/uploads\/2023\/12\/imagen-consulto-enfoque-pesonalizado-scaled.jpg 780w, https:\/\/rqloans.com\/wp-content\/uploads\/2023\/12\/imagen-consulto-enfoque-pesonalizado-scaled.jpg 360w\" sizes=\"auto, (max-width: 480px) 150px\" src=\"https:\/\/rqloans.com\/wp-content\/uploads\/2023\/12\/imagen-consulto-enfoque-pesonalizado-scaled.jpg\" alt=\"\" class=\"uag-image-1855\" width=\"2560\" height=\"2125\" title=\"\" loading=\"lazy\" role=\"img\"\/><\/figure><\/div>\n<\/div>\n\n\n\n<div class=\"wp-block-uagb-container uagb-block-a82e831f\">\n<div class=\"wp-block-uagb-advanced-heading uagb-block-f54ad02f\"><h3 class=\"uagb-heading-text\"><strong>Personalized Focus<\/strong><\/h3><\/div>\n\n\n\n<div class=\"wp-block-uagb-advanced-heading uagb-block-9ff68c97\"><h5 class=\"uagb-heading-text\">Our consulting stands out for its personalized\nfocus. Each client goes through a detailed analysis of their financial needs and goals,<\/h5><\/div>\n\n\n\n<div class=\"wp-block-uagb-advanced-heading uagb-block-677ecbf8\"><h5 class=\"uagb-heading-text\">followed by a strategical plan adapted to their specific circumstances.<\/h5><\/div>\n<\/div>\n<\/div><\/div>\n<\/div><\/div>\n\n\n\n<div class=\"wp-block-uagb-container uagb-block-69c2743b alignfull uagb-is-root-container\"><div class=\"uagb-container-inner-blocks-wrap\">\n<div data-aos= \"zoom-out\" data-aos-duration=\"400\" data-aos-delay=\"0\" data-aos-easing=\"ease\" data-aos-once=\"true\" class=\"wp-block-uagb-container uagb-block-91fa1630 alignfull uagb-is-root-container\"><div class=\"uagb-container-inner-blocks-wrap\">\n<div class=\"wp-block-uagb-container uagb-block-01191207\">\n<div class=\"wp-block-uagb-advanced-heading uagb-block-d0b82a80\"><h3 class=\"uagb-heading-text\"><strong><strong>Network of Contacts<\/strong><\/strong><\/h3><\/div>\n\n\n\n<div class=\"wp-block-uagb-advanced-heading uagb-block-733b80d5\"><h5 class=\"uagb-heading-text\">The network of contacts established along the years by Fernando\nQuezada plays a vital role. <\/h5><\/div>\n\n\n\n<div class=\"wp-block-uagb-advanced-heading uagb-block-dbdc3c45\"><h5 class=\"uagb-heading-text\">The capacity to put clients in contact with experts in the\ndifferent areas of finance and real estate, further strengthens the position of our service\nas your best option.<\/h5><\/div>\n<\/div>\n\n\n\n<div class=\"wp-block-uagb-container uagb-block-32df554b\">\n<div class=\"wp-block-uagb-image aligncenter uagb-block-78beece8 wp-block-uagb-image--layout-default wp-block-uagb-image--effect-static wp-block-uagb-image--align-center\"><figure class=\"wp-block-uagb-image__figure\"><img decoding=\"async\" srcset=\"https:\/\/rqloans.com\/wp-content\/uploads\/2023\/12\/IMAGEN-3-CONSULTY-1.png ,https:\/\/rqloans.com\/wp-content\/uploads\/2023\/12\/IMAGEN-3-CONSULTY-1.png 780w, https:\/\/rqloans.com\/wp-content\/uploads\/2023\/12\/IMAGEN-3-CONSULTY-1.png 360w\" sizes=\"auto, (max-width: 480px) 150px\" src=\"https:\/\/rqloans.com\/wp-content\/uploads\/2023\/12\/IMAGEN-3-CONSULTY-1.png\" alt=\"\" class=\"uag-image-1842\" width=\"858\" height=\"740\" title=\"\" loading=\"lazy\" role=\"img\"\/><\/figure><\/div>\n<\/div>\n<\/div><\/div>\n\n\n\n<div data-aos= \"zoom-in\" data-aos-duration=\"400\" data-aos-delay=\"0\" data-aos-easing=\"ease\" data-aos-once=\"true\" class=\"wp-block-uagb-container uagb-block-d4cce50d alignfull uagb-is-root-container\"><div class=\"uagb-container-inner-blocks-wrap\">\n<div class=\"wp-block-uagb-container uagb-block-211c972d\">\n<div class=\"wp-block-uagb-image aligncenter uagb-block-ab48f38d wp-block-uagb-image--layout-default wp-block-uagb-image--effect-static wp-block-uagb-image--align-center\"><figure class=\"wp-block-uagb-image__figure\"><img decoding=\"async\" srcset=\"https:\/\/rqloans.com\/wp-content\/uploads\/2023\/12\/IMAGEN-CONSULT-COMMUNIDAD-LATINA-scaled.jpg ,https:\/\/rqloans.com\/wp-content\/uploads\/2023\/12\/IMAGEN-CONSULT-COMMUNIDAD-LATINA-scaled.jpg 780w, https:\/\/rqloans.com\/wp-content\/uploads\/2023\/12\/IMAGEN-CONSULT-COMMUNIDAD-LATINA-scaled.jpg 360w\" sizes=\"auto, (max-width: 480px) 150px\" src=\"https:\/\/rqloans.com\/wp-content\/uploads\/2023\/12\/IMAGEN-CONSULT-COMMUNIDAD-LATINA-scaled.jpg\" alt=\"\" class=\"uag-image-1848\" width=\"2560\" height=\"1707\" title=\"\" loading=\"lazy\" role=\"img\"\/><\/figure><\/div>\n<\/div>\n\n\n\n<div class=\"wp-block-uagb-container uagb-block-b5ac7ca8\">\n<div class=\"wp-block-uagb-advanced-heading uagb-block-30090212\"><h3 class=\"uagb-heading-text\"><strong><strong>Commitment to the Latino\nCommunity<\/strong><\/strong><\/h3><\/div>\n\n\n\n<div class=\"wp-block-uagb-advanced-heading uagb-block-05ccf548\"><h5 class=\"uagb-heading-text\">Our consulting is not only about transactions; it\u2019s a\ncommitment to the financial success and growth of the Latino community. <\/h5><\/div>\n\n\n\n<div class=\"wp-block-uagb-advanced-heading uagb-block-c107b69c\"><h5 class=\"uagb-heading-text\">Fernando\nQuezada has dedicated himself to empowering the community through his services, thereby\nmaking a tangible difference in the lives of those who trust his experienc.<\/h5><\/div>\n<\/div>\n<\/div><\/div>\n<\/div><\/div>","protected":false},"excerpt":{"rendered":"<p>Consultor\u00eda El servicio de consultor\u00eda que ha desarrollado durante m\u00e1s de 20 a\u00f1os se destaca como la opci\u00f3n preferida por [&hellip;]<\/p>","protected":false},"author":1,"featured_media":0,"parent":0,"menu_order":0,"comment_status":"closed","ping_status":"closed","template":"","meta":{"_uag_custom_page_level_css":"","site-sidebar-layout":"no-sidebar","site-content-layout":"plain-container","ast-site-content-layout":"normal-width-container","site-content-style":"unboxed","site-sidebar-style":"unboxed","ast-global-header-display":"","ast-banner-title-visibility":"","ast-main-header-display":"","ast-hfb-above-header-display":"","ast-hfb-below-header-display":"","ast-hfb-mobile-header-display":"","site-post-title":"disabled","ast-breadcrumbs-content":"","ast-featured-img":"disabled","footer-sml-layout":"","ast-disable-related-posts":"","theme-transparent-header-meta":"enabled","adv-header-id-meta":"","stick-header-meta":"","header-above-stick-meta":"","header-main-stick-meta":"","header-below-stick-meta":"","astra-migrate-meta-layouts":"set","ast-page-background-enabled":"default","ast-page-background-meta":{"desktop":{"background-color":"","background-image":"","background-repeat":"repeat","background-position":"center center","background-size":"auto","background-attachment":"scroll","background-type":"","background-media":"","overlay-type":"","overlay-color":"","overlay-opacity":"","overlay-gradient":""},"tablet":{"background-color":"","background-image":"","background-repeat":"repeat","background-position":"center center","background-size":"auto","background-attachment":"scroll","background-type":"","background-media":"","overlay-type":"","overlay-color":"","overlay-opacity":"","overlay-gradient":""},"mobile":{"background-color":"","background-image":"","background-repeat":"repeat","background-position":"center center","background-size":"auto","background-attachment":"scroll","background-type":"","background-media":"","overlay-type":"","overlay-color":"","overlay-opacity":"","overlay-gradient":""}},"ast-content-background-meta":{"desktop":{"background-color":"var(--ast-global-color-5)","background-image":"","background-repeat":"repeat","background-position":"center center","background-size":"auto","background-attachment":"scroll","background-type":"","background-media":"","overlay-type":"","overlay-color":"","overlay-opacity":"","overlay-gradient":""},"tablet":{"background-color":"var(--ast-global-color-5)","background-image":"","background-repeat":"repeat","background-position":"center center","background-size":"auto","background-attachment":"scroll","background-type":"","background-media":"","overlay-type":"","overlay-color":"","overlay-opacity":"","overlay-gradient":""},"mobile":{"background-color":"var(--ast-global-color-5)","background-image":"","background-repeat":"repeat","background-position":"center center","background-size":"auto","background-attachment":"scroll","background-type":"","background-media":"","overlay-type":"","overlay-color":"","overlay-opacity":"","overlay-gradient":""}},"_joinchat":[],"footnotes":""},"class_list":["post-910","page","type-page","status-publish","hentry"],"uagb_featured_image_src":{"full":false,"thumbnail":false,"medium":false,"medium_large":false,"large":false,"1536x1536":false,"2048x2048":false,"trp-custom-language-flag":false},"uagb_author_info":{"display_name":"admin","author_link":"https:\/\/rqloans.com\/en\/archivos\/author\/admin"},"uagb_comment_info":0,"uagb_excerpt":"Consultor\u00eda El servicio de consultor\u00eda que ha desarrollado durante m\u00e1s de 20 a\u00f1os se destaca como la opci\u00f3n preferida por [&hellip;]","_links":{"self":[{"href":"https:\/\/rqloans.com\/en\/wp-json\/wp\/v2\/pages\/910","targetHints":{"allow":["GET"]}}],"collection":[{"href":"https:\/\/rqloans.com\/en\/wp-json\/wp\/v2\/pages"}],"about":[{"href":"https:\/\/rqloans.com\/en\/wp-json\/wp\/v2\/types\/page"}],"author":[{"embeddable":true,"href":"https:\/\/rqloans.com\/en\/wp-json\/wp\/v2\/users\/1"}],"replies":[{"embeddable":true,"href":"https:\/\/rqloans.com\/en\/wp-json\/wp\/v2\/comments?post=910"}],"version-history":[{"count":35,"href":"https:\/\/rqloans.com\/en\/wp-json\/wp\/v2\/pages\/910\/revisions"}],"predecessor-version":[{"id":2432,"href":"https:\/\/rqloans.com\/en\/wp-json\/wp\/v2\/pages\/910\/revisions\/2432"}],"wp:attachment":[{"href":"https:\/\/rqloans.com\/en\/wp-json\/wp\/v2\/media?parent=910"}],"curies":[{"name":"wp","href":"https:\/\/api.w.org\/{rel}","templated":true}]}}